{"id":326,"date":"2024-01-15T11:41:37","date_gmt":"2024-01-15T11:41:37","guid":{"rendered":"https:\/\/psdp.hu\/?page_id=326"},"modified":"2024-04-26T11:51:02","modified_gmt":"2024-04-26T10:51:02","slug":"automatikus-vazlat-3","status":"publish","type":"page","link":"https:\/\/psdp.hu\/?page_id=326","title":{"rendered":""},"content":{"rendered":"<div class=\"vce-row-container\"><div class=\"vce-row vce-element--has-background vce-row--col-gap-30 vce-row-full-height vce-row-columns--top vce-row-content--top\" data-vce-full-width=\"true\" id=\"el-a88d209b\" data-vce-do-apply=\"all el-a88d209b\"><div class=\"vce-content-background-container\"><div class=\"vce-asset-background-simple-container vce-visible-all-only vce-asset-background-simple--style-contain vce-asset-background-simple--position-center-top\"><div class=\"vce-asset-background-simple\">\n              <div class=\"vce-asset-background-simple-item vcv-lozad\" data-background-image=\"https:\/\/psdp.hu\/wp-content\/uploads\/2024\/01\/Kata.jpeg\"><\/div>\n              <noscript>\n                <div class=\"vce-asset-background-simple-item\" style=\"background-image: url(https:\/\/psdp.hu\/wp-content\/uploads\/2024\/01\/Kata.jpeg)\"><\/div>\n              <\/noscript>\n            \n              <div class=\"vce-asset-background-simple-item vcv-lozad\" data-background-image=\"https:\/\/psdp.hu\/wp-content\/uploads\/2024\/03\/IMG_3265.png\"><\/div>\n              <noscript>\n                <div class=\"vce-asset-background-simple-item\" style=\"background-image: url(https:\/\/psdp.hu\/wp-content\/uploads\/2024\/03\/IMG_3265.png)\"><\/div>\n              <\/noscript>\n            <\/div><\/div><\/div><div class=\"vce-row-content\" data-vce-element-content=\"true\"><div class=\"vce-col vce-col--md-16-66p vce-col--xs-1 vce-col--xs-last vce-col--xs-first vce-col--sm-last vce-col--sm-first vce-col--md-first vce-col--lg-first vce-col--xl-first\" id=\"el-4e8bf65e\"><div class=\"vce-col-inner\" data-vce-do-apply=\"border margin background  el-4e8bf65e\"><div class=\"vce-col-content\" data-vce-element-content=\"true\" data-vce-do-apply=\"padding el-4e8bf65e\"><div class=\"vcv-row-control-wrapper\"><\/div><\/div><\/div><\/div><div class=\"vce-col vce-col--md-66-66p vce-col--xs-1 vce-col--xs-last vce-col--xs-first vce-col--sm-last vce-col--sm-first\" id=\"el-42e5560f\"><div class=\"vce-col-inner\" data-vce-do-apply=\"border margin background  el-42e5560f\"><div class=\"vce-col-content\" data-vce-element-content=\"true\" data-vce-do-apply=\"padding el-42e5560f\"><div class=\"vce-google-fonts-heading vce-google-fonts-heading--align-center vce-google-fonts-heading--color-b-255-255-255--45--5C00FF--FF7200 vce-google-fonts-heading--font-family-Raleway\"><div id=\"el-5e9e4c6d\" class=\"vce-google-fonts-heading-wrapper\"><div class=\"vce-google-fonts-heading--background vce\" data-vce-do-apply=\"border background  padding margin el-5e9e4c6d\"><h6 class=\"vce-google-fonts-heading-inner\" style=\"font-size: 160px; font-weight: 900; font-style: normal;\"><\/h6><\/div><\/div><\/div><\/div><\/div><\/div><div class=\"vce-col vce-col--md-16-66p vce-col--xs-1 vce-col--xs-last vce-col--xs-first vce-col--sm-last vce-col--sm-first vce-col--md-last vce-col--lg-last vce-col--xl-last\" id=\"el-642f13ab\"><div class=\"vce-col-inner\" data-vce-do-apply=\"border margin background  el-642f13ab\"><div class=\"vce-col-content\" data-vce-element-content=\"true\" data-vce-do-apply=\"padding el-642f13ab\"><div class=\"vcv-row-control-wrapper\"><\/div><\/div><\/div><\/div><\/div><\/div><\/div><div class=\"vce-row-container\" data-vce-boxed-width=\"true\"><div class=\"vce-row vce-row--col-gap-30 vce-row-content--top\" id=\"el-baf791b2\" data-vce-do-apply=\"all el-baf791b2\"><div class=\"vce-content-background-container\"><\/div><div class=\"vce-row-content\" data-vce-element-content=\"true\"><div class=\"vce-col vce-col--md-40p vce-col--xs-1 vce-col--xs-last vce-col--xs-first vce-col--sm-last vce-col--sm-first vce-col--md-first vce-col--lg-first vce-col--xl-first\" id=\"el-7737ebc1\"><div class=\"vce-col-inner\" data-vce-do-apply=\"border margin background  el-7737ebc1\"><div class=\"vce-col-content\" data-vce-element-content=\"true\" data-vce-do-apply=\"padding el-7737ebc1\"><div class=\"vce-google-fonts-heading vce-google-fonts-heading--align-center vce-google-fonts-heading--color-empty--45--5C00FF--FF7200 vce-google-fonts-heading--font-family-Raleway\"><div id=\"el-56f30f31\" class=\"vce-google-fonts-heading-wrapper\"><div class=\"vce-google-fonts-heading--background vce\" data-vce-do-apply=\"border background  padding margin el-56f30f31\"><h5 class=\"vce-google-fonts-heading-inner\" style=\"font-size: 40px; font-weight: 400; font-style: normal;\">P. SO\u00d3S KATA<\/h5><\/div><\/div><\/div><div class=\"vce-google-fonts-heading vce-google-fonts-heading--align-center vce-google-fonts-heading--color-empty--45--5C00FF--FF7200 vce-google-fonts-heading--font-family-Raleway-Dots\"><div id=\"el-31fbe564\" class=\"vce-google-fonts-heading-wrapper\"><div class=\"vce-google-fonts-heading--background vce\" data-vce-do-apply=\"border background  padding margin el-31fbe564\"><h5 class=\"vce-google-fonts-heading-inner\" style=\"font-size: 30px; font-weight: 400; font-style: normal;\">Kreat\u00edv producer, rendez\u0151<\/h5><\/div><\/div><\/div><div class=\"vce-button--style-outline-container vce-button--style-outline-container--align-center\"><span class=\"vce-button--style-outline-wrapper vce\" id=\"el-05b4a91f\" data-vce-do-apply=\"margin el-05b4a91f\"><button class=\"vce-button vce-button--style-outline-animated vce-button--style-outline--border-round vce-button--style-outline--size-small vce-button--style-outline-animated--color-b-255-205-88--b-255-205-88--3d3d3d vce-button--style-outline-animated--border-color-b-255-205-88--3d3d3d vce-button--style-outline-animated--background-color-3d3d3d\" data-vce-do-apply=\"padding border background  el-05b4a91f\"><span class=\"vce-button--style-outline-text\">Mail<\/span><\/button><\/span><\/div><div class=\"vce-button--style-outline-container vce-button--style-outline-container--align-center\"><span class=\"vce-button--style-outline-wrapper vce\" id=\"el-a4b53982\" data-vce-do-apply=\"margin el-a4b53982\"><a class=\"vce-button vce-button--style-outline-animated vce-button--style-outline--border-round vce-button--style-outline--size-small vce-button--style-outline-animated--color-b-255-205-88--b-255-205-88--3d3d3d vce-button--style-outline-animated--border-color-b-255-205-88--3d3d3d vce-button--style-outline-animated--background-color-3d3d3d\" href=\"https:\/\/www.imdb.com\/name\/nm10893689\/?ref_=fn_al_nm_1\" title=\"\" data-vce-do-apply=\"padding border background  el-a4b53982\"><span class=\"vce-button--style-outline-text\">IMDb<\/span><\/a><\/span><\/div><\/div><\/div><\/div><div class=\"vce-col vce-col--md-60p vce-col--xs-1 vce-col--xs-last vce-col--xs-first vce-col--sm-last vce-col--sm-first vce-col--md-last vce-col--lg-last vce-col--xl-last\" id=\"el-118b894a\"><div class=\"vce-col-inner\" data-vce-do-apply=\"border margin background  el-118b894a\"><div class=\"vce-col-content\" data-vce-element-content=\"true\" data-vce-do-apply=\"padding el-118b894a\"><div class=\"vce-text-block\"><div class=\"vce-text-block-wrapper vce\" id=\"el-189a895f\" data-vce-do-apply=\"all el-189a895f\"><h5 style=\"text-align: left;\"><span style=\"font-family: Raleway;\">Az elm\u00falt kilenc \u00e9v sor\u00e1n a filmk\u00e9sz\u00edt\u00e9s dinamikus vil\u00e1g\u00e1ban dolgoztam. Kezdetben fot\u00f3sk\u00e9nt, ahol a statikus k\u00e9pek kifinomult kompon\u00e1l\u00e1s\u00e1val fedeztem fel a mozg\u00f3k\u00e9p alkot\u00e1s\u00e1nak alapjait. Ez az \u00e1ll\u00f3k\u00e9pes megk\u00f6zel\u00edt\u00e9s kiemelked\u0151en hasznosnak bizonyult a filmk\u00e9sz\u00edt\u00e9s sor\u00e1n, \u00e9s elind\u00edtott egy olyan utat, ahol a vizu\u00e1lis megjelen\u00e9s fontoss\u00e1ga \u00e9s hat\u00e1sa a narrat\u00edv\u00e1ra mindig \u00e9rdekl\u0151d\u00e9sem k\u00f6z\u00e9ppontj\u00e1ban \u00e1llt.<\/span><\/h5>\n<h5 style=\"text-align: left;\"><span style=\"font-family: Raleway;\">A karrierem sor\u00e1n sz\u00e1mos szerepet v\u00e1llaltam, kezdve a vizu\u00e1lis instruktori feladatokt\u00f3l \u00e9s a kreat\u00edv producer szerep\u00e9t\u0151l, majd fokozatosan \u00e1tfordultam a rendez\u0151i poz\u00edci\u00f3 ir\u00e1ny\u00e1ba, melyet v\u00e9gleges hivat\u00e1somnak tekintek. Az \u00e9vek sor\u00e1n kialakult tapasztalataimnak k\u00f6sz\u00f6nhet\u0151en siker\u00fclt olyan filmekben r\u00e9szt vennem, amelyek nemzetk\u00f6zi \u00e9s hazai szinten is jelent\u0151s sikereket \u00e9rtek el. Az el\u00e9rt eredm\u00e9nyekre m\u00e9lt\u00e1n b\u00fcszke vagyok, \u00e9s az ezekben a projektekben bet\u00f6lt\u00f6tt szerepk\u00f6reim sor\u00e1n siker\u00fclt olyan alkot\u00e1sokat l\u00e9trehoznunk, amelyek a m\u0171v\u00e9szfilm, romantikus film, v\u00edgj\u00e1t\u00e9k \u00e9s dokumentumfilm m\u0171faj\u00e1ban is otthonra tal\u00e1ltak.<\/span><\/h5>\n<h5 style=\"text-align: left;\"><span style=\"font-family: Raleway;\">Az alkot\u00f3i \u00fat sor\u00e1n elk\u00f6telezetts\u00e9gem mindig a m\u0171v\u00e9szi kifejez\u00e9sm\u00f3d \u00e9s az emberi t\u00f6rt\u00e9netek bemutat\u00e1sa ir\u00e1nt vez\u00e9relt. A v\u00e1ltozatos m\u0171fajokban val\u00f3 munk\u00e1m lehet\u0151v\u00e9 tette, hogy kifejezhessem kreativit\u00e1somat \u00e9s alkalmazkodjak a k\u00fcl\u00f6nb\u00f6z\u0151 t\u00e9m\u00e1khoz. Az eddigi p\u00e1lyafut\u00e1som sor\u00e1n megszerzett tud\u00e1s \u00e9s k\u00e9szs\u00e9gek seg\u00edts\u00e9g\u00e9vel tov\u00e1bbra is elk\u00f6telezett vagyok a filmes m\u0171v\u00e9szet ir\u00e1nt, \u00e9s v\u00e1rom azokat az izgalmas kih\u00edv\u00e1sokat, amelyek az el\u0151ttem \u00e1ll\u00f3 utaz\u00e1s sor\u00e1n v\u00e1rnak r\u00e1m.<\/span><\/h5><\/div><\/div><\/div><\/div><\/div><\/div><\/div><\/div><div class=\"vce-row-container\" data-vce-boxed-width=\"true\"><div class=\"vce-row vce-row--col-gap-30 vce-row-equal-height vce-row-content--top\" id=\"el-a95804d2\" data-vce-do-apply=\"all el-a95804d2\"><div class=\"vce-row-content\" data-vce-element-content=\"true\"><div class=\"vce-col vce-col--md-auto vce-col--xs-1 vce-col--xs-last vce-col--xs-first vce-col--sm-last vce-col--sm-first vce-col--md-last vce-col--lg-last vce-col--xl-last vce-col--md-first vce-col--lg-first vce-col--xl-first\" id=\"el-970e8dd9\"><div class=\"vce-col-inner\" data-vce-do-apply=\"border margin background  el-970e8dd9\"><div class=\"vce-col-content\" data-vce-element-content=\"true\" data-vce-do-apply=\"padding el-970e8dd9\"><div class=\"vce vce-separator-container vce-separator--align-center vce-separator--style-shadow\" id=\"el-b76483d6\" data-vce-do-apply=\"margin el-b76483d6\"><div class=\"vce-separator vce-separator--color-bfc0c1 vce-separator--width-100 vce-separator--thickness-1\" data-vce-do-apply=\"border padding background  el-b76483d6\"><div class=\"vce-separator-shadow vce-separator-shadow-left\"><\/div><div class=\"vce-separator-shadow vce-separator-shadow-right\"><\/div><\/div><\/div><\/div><\/div><\/div><\/div><\/div><\/div>","protected":false},"excerpt":{"rendered":"<p>P. SO\u00d3S KATAKreat\u00edv producer, rendez\u0151MailIMDbAz elm\u00falt kilenc \u00e9v sor\u00e1n a filmk\u00e9sz\u00edt\u00e9s dinamikus vil\u00e1g\u00e1ban dolgoztam. Kezdetben fot\u00f3sk\u00e9nt, ahol a statikus k\u00e9pek kifinomult kompon\u00e1l\u00e1s\u00e1val fedeztem fel a mozg\u00f3k\u00e9p alkot\u00e1s\u00e1nak alapjait. Ez az \u00e1ll\u00f3k\u00e9pes megk\u00f6zel\u00edt\u00e9s kiemelked\u0151en hasznosnak bizonyult a filmk\u00e9sz\u00edt\u00e9s sor\u00e1n, \u00e9s elind\u00edtott egy olyan utat, ahol a vizu\u00e1lis megjelen\u00e9s fontoss\u00e1ga \u00e9s hat\u00e1sa a narrat\u00edv\u00e1ra mindig \u00e9rdekl\u0151d\u00e9sem k\u00f6z\u00e9ppontj\u00e1ban \u00e1llt. A karrierem sor\u00e1n sz\u00e1mos szerepet v\u00e1llaltam, kezdve a vizu\u00e1lis instruktori feladatokt\u00f3l \u00e9s a kreat\u00edv producer szerep\u00e9t\u0151l, majd fokozatosan \u00e1tfordultam a rendez\u0151i poz\u00edci\u00f3 ir\u00e1ny\u00e1ba, melyet v\u00e9gleges hivat\u00e1somnak tekintek. Az \u00e9vek sor\u00e1n kialakult tapasztalataimnak k\u00f6sz\u00f6nhet\u0151en siker\u00fclt olyan filmekben r\u00e9szt vennem, amelyek nemzetk\u00f6zi \u00e9s hazai szinten is jelent\u0151s sikereket \u00e9rtek el. Az el\u00e9rt eredm\u00e9nyekre m\u00e9lt\u00e1n b\u00fcszke vagyok, \u00e9s az ezekben a projektekben bet\u00f6lt\u00f6tt szerepk\u00f6reim sor\u00e1n siker\u00fclt olyan alkot\u00e1sokat l\u00e9trehoznunk, amelyek a m\u0171v\u00e9szfilm, romantikus film, v\u00edgj\u00e1t\u00e9k \u00e9s dokumentumfilm m\u0171faj\u00e1ban is otthonra tal\u00e1ltak. Az alkot\u00f3i \u00fat sor\u00e1n elk\u00f6telezetts\u00e9gem mindig a m\u0171v\u00e9szi kifejez\u00e9sm\u00f3d \u00e9s az emberi t\u00f6rt\u00e9netek bemutat\u00e1sa ir\u00e1nt vez\u00e9relt. A v\u00e1ltozatos m\u0171fajokban val\u00f3 munk\u00e1m lehet\u0151v\u00e9 tette, hogy kifejezhessem kreativit\u00e1somat \u00e9s alkalmazkodjak a k\u00fcl\u00f6nb\u00f6z\u0151 t\u00e9m\u00e1khoz. Az eddigi p\u00e1lyafut\u00e1som sor\u00e1n megszerzett tud\u00e1s \u00e9s k\u00e9szs\u00e9gek seg\u00edts\u00e9g\u00e9vel tov\u00e1bbra is elk\u00f6telezett vagyok a filmes m\u0171v\u00e9szet ir\u00e1nt, \u00e9s v\u00e1rom azokat az izgalmas kih\u00edv\u00e1sokat, amelyek az el\u0151ttem \u00e1ll\u00f3 utaz\u00e1s sor\u00e1n v\u00e1rnak r\u00e1m.<\/p>\n","protected":false},"author":2,"featured_media":0,"parent":118,"menu_order":6,"comment_status":"closed","ping_status":"closed","template":"","meta":{"om_disable_all_campaigns":false,"_monsterinsights_skip_tracking":false,"_monsterinsights_sitenote_active":false,"_monsterinsights_sitenote_note":"","_monsterinsights_sitenote_category":0,"_uf_show_specific_survey":0,"_uf_disable_surveys":false,"footnotes":""},"class_list":["post-326","page","type-page","status-publish","hentry"],"aioseo_notices":[],"_links":{"self":[{"href":"https:\/\/psdp.hu\/index.php?rest_route=\/wp\/v2\/pages\/326","targetHints":{"allow":["GET"]}}],"collection":[{"href":"https:\/\/psdp.hu\/index.php?rest_route=\/wp\/v2\/pages"}],"about":[{"href":"https:\/\/psdp.hu\/index.php?rest_route=\/wp\/v2\/types\/page"}],"author":[{"embeddable":true,"href":"https:\/\/psdp.hu\/index.php?rest_route=\/wp\/v2\/users\/2"}],"replies":[{"embeddable":true,"href":"https:\/\/psdp.hu\/index.php?rest_route=%2Fwp%2Fv2%2Fcomments&post=326"}],"version-history":[{"count":11,"href":"https:\/\/psdp.hu\/index.php?rest_route=\/wp\/v2\/pages\/326\/revisions"}],"predecessor-version":[{"id":429,"href":"https:\/\/psdp.hu\/index.php?rest_route=\/wp\/v2\/pages\/326\/revisions\/429"}],"up":[{"embeddable":true,"href":"https:\/\/psdp.hu\/index.php?rest_route=\/wp\/v2\/pages\/118"}],"wp:attachment":[{"href":"https:\/\/psdp.hu\/index.php?rest_route=%2Fwp%2Fv2%2Fmedia&parent=326"}],"curies":[{"name":"wp","href":"https:\/\/api.w.org\/{rel}","templated":true}]}}