{"id":307,"date":"2024-01-15T10:09:23","date_gmt":"2024-01-15T10:09:23","guid":{"rendered":"https:\/\/psdp.hu\/?page_id=307"},"modified":"2025-01-21T18:07:29","modified_gmt":"2025-01-21T17:07:29","slug":"automatikus-vazlat-2","status":"publish","type":"page","link":"https:\/\/psdp.hu\/?page_id=307","title":{"rendered":""},"content":{"rendered":"<div class=\"vce-row-container\"><div class=\"vce-row vce-element--has-background vce-row--col-gap-30 vce-row-full-height vce-row-columns--middle vce-row-content--middle\" data-vce-full-width=\"true\" id=\"el-1e2b5788\" data-vce-do-apply=\"all el-1e2b5788\"><div class=\"vce-content-background-container\"><div class=\"vce-asset-background-slider-container vce-visible-all-only vce-asset-background-slider--style-contain vce-asset-background-slider--position-center-center\"><div class=\"vce-asset-background-slider\" data-vce-assets-slider=\"5\" data-vce-assets-slider-effect=\"slide\" data-vce-assets-slider-slides=\".vce-asset-background-slider-items\" data-vce-assets-slider-slide=\".vce-asset-background-slider-item\"><div class=\"vce-asset-background-slider-items\">\n              <div class=\"vce-asset-background-slider-item vcv-lozad\" data-background-image=\"https:\/\/psdp.hu\/wp-content\/uploads\/2024\/01\/IMG_6596.jpg\"><\/div>\n              <noscript>\n                <div class=\"vce-asset-background-slider-item\" style=\"background-image: url(https:\/\/psdp.hu\/wp-content\/uploads\/2024\/01\/IMG_6596.jpg); visibility: visible;\"><\/div>\n              <\/noscript>\n            \n              <div class=\"vce-asset-background-slider-item vcv-lozad\" data-background-image=\"https:\/\/psdp.hu\/wp-content\/uploads\/2023\/11\/cropped-zs1.jpg\"><\/div>\n              <noscript>\n                <div class=\"vce-asset-background-slider-item\" style=\"background-image: url(https:\/\/psdp.hu\/wp-content\/uploads\/2023\/11\/cropped-zs1.jpg); visibility: visible;\"><\/div>\n              <\/noscript>\n            <\/div><\/div><\/div><\/div><div class=\"vce-row-content\" data-vce-element-content=\"true\"><div class=\"vce-col vce-col--md-66-66p vce-col--xs-1 vce-col--xs-last vce-col--xs-first vce-col--sm-last vce-col--sm-first vce-col--md-last vce-col--lg-last vce-col--xl-last vce-col--md-first vce-col--lg-first vce-col--xl-first\" id=\"el-7031564b\"><div class=\"vce-col-inner\" data-vce-do-apply=\"border margin background  el-7031564b\"><div class=\"vce-col-content\" data-vce-element-content=\"true\" data-vce-do-apply=\"padding el-7031564b\"><div class=\"vcv-row-control-wrapper\"><\/div><\/div><\/div><\/div><\/div><\/div><\/div><div class=\"vce-row-container\" data-vce-boxed-width=\"true\"><div class=\"vce-row vce-row--col-gap-30 vce-row-content--top\" id=\"el-78c98385\" data-vce-do-apply=\"all el-78c98385\"><div class=\"vce-content-background-container\"><\/div><div class=\"vce-row-content\" data-vce-element-content=\"true\"><div class=\"vce-col vce-col--md-40p vce-col--xs-1 vce-col--xs-last vce-col--xs-first vce-col--sm-last vce-col--sm-first vce-col--md-first vce-col--lg-first vce-col--xl-first\" id=\"el-4d763758\"><div class=\"vce-col-inner\" data-vce-do-apply=\"border margin background  el-4d763758\"><div class=\"vce-col-content\" data-vce-element-content=\"true\" data-vce-do-apply=\"padding el-4d763758\"><div class=\"vce-google-fonts-heading vce-google-fonts-heading--align-center vce-google-fonts-heading--color-empty--45--5C00FF--FF7200 vce-google-fonts-heading--font-family-Raleway\"><div id=\"el-37d67cf6\" class=\"vce-google-fonts-heading-wrapper\"><div class=\"vce-google-fonts-heading--background vce\" data-vce-do-apply=\"border background  padding margin el-37d67cf6\"><h1 class=\"vce-google-fonts-heading-inner\" style=\"font-size: 40px; font-weight: 400; font-style: normal;\">ZSOLT PALATINUS<\/h1><\/div><\/div><\/div><div class=\"vce-google-fonts-heading vce-google-fonts-heading--align-center vce-google-fonts-heading--color-b-153-153-153--45--5C00FF--FF7200 vce-google-fonts-heading--font-family-Raleway\"><div id=\"el-68b5c3bc\" class=\"vce-google-fonts-heading-wrapper\"><div class=\"vce-google-fonts-heading--background vce\" data-vce-do-apply=\"border background  padding margin el-68b5c3bc\"><h5 class=\"vce-google-fonts-heading-inner\" style=\"font-size: 30px; font-weight: 400; font-style: normal;\">Operat\u0151r, v\u00e1g\u00f3<\/h5><\/div><\/div><\/div><div class=\"vce-button--style-outline-container vce-button--style-outline-container--align-center\"><span class=\"vce-button--style-outline-wrapper vce\" id=\"el-1dccd1ce\" data-vce-do-apply=\"margin el-1dccd1ce\"><a class=\"vce-button vce-button--style-outline-animated vce-button--style-outline--border-round vce-button--style-outline--size-medium vce-button--style-outline-animated--color-b-255-205-88--fff--3d3d3d vce-button--style-outline-animated--border-color-e3e3e3--3d3d3d vce-button--style-outline-animated--background-color-3d3d3d\" href=\"mailto:palatinus.zsolt@psdp.hu\" title=\"Palatinus Zsolt - operat\u0151r\" target=\"_blank\" data-vce-do-apply=\"padding border background  el-1dccd1ce\" rel=\"noopener\"><span class=\"vce-button--style-outline-text\">mail<\/span><\/a><\/span><\/div><div class=\"vce-button--style-outline-container vce-button--style-outline-container--align-center\"><span class=\"vce-button--style-outline-wrapper vce\" id=\"el-d4695e89\" data-vce-do-apply=\"margin el-d4695e89\"><a class=\"vce-button vce-button--style-outline-animated vce-button--style-outline--border-round vce-button--style-outline--size-medium vce-button--style-outline-animated--color-b-255-205-88--fff--3d3d3d vce-button--style-outline-animated--border-color-e3e3e3--3d3d3d vce-button--style-outline-animated--background-color-3d3d3d\" href=\"https:\/\/www.imdb.com\/name\/nm9283270\/?ref_=nv_sr_srsg_0_tt_0_nm_1_q_PalatinusZsolt\" title=\"Palatinus Zsolt - operat\u0151r\" target=\"_blank\" data-vce-do-apply=\"padding border background  el-d4695e89\" rel=\"noopener\"><span class=\"vce-button--style-outline-text\">IMDb<\/span><\/a><\/span><\/div><\/div><\/div><\/div><div class=\"vce-col vce-col--md-60p vce-col--xs-1 vce-col--xs-last vce-col--xs-first vce-col--sm-last vce-col--sm-first vce-col--md-last vce-col--lg-last vce-col--xl-last\" id=\"el-f3a15698\"><div class=\"vce-col-inner\" data-vce-do-apply=\"border margin background  el-f3a15698\"><div class=\"vce-col-content\" data-vce-element-content=\"true\" data-vce-do-apply=\"padding el-f3a15698\"><div class=\"vce-text-block\"><div class=\"vce-text-block-wrapper vce\" id=\"el-e47bf8d4\" data-vce-do-apply=\"all el-e47bf8d4\"><h5><span style=\"font-family: Raleway;\">Az m\u00e9rn\u00f6ki v\u00e9gzetts\u00e9gemmel p\u00e1rhuzamosan 2013 \u00f3ta tev\u00e9kenykedem operat\u0151rk\u00e9nt, \u00e9s ezen id\u0151szak alatt lehet\u0151s\u00e9gem ny\u00edlt r\u00e9szt venni sz\u00e1mos nagyj\u00e1t\u00e9kfilm, dokumentumfilm \u00e9s rekl\u00e1mfilm elk\u00e9sz\u00edt\u00e9s\u00e9ben.<\/span><\/h5>\n<h5><span style=\"font-family: Raleway;\">A karrierem sor\u00e1n el\u00e9rt eredm\u00e9nyeim k\u00f6z\u00f6tt kiemelkedik a 2017-ben k\u00e9sz\u00fclt \"<a href=\"https:\/\/youtu.be\/U46MnzSIbJo\">A pillanat<\/a>&nbsp;\" c\u00edm\u0171 film, mely nemzetk\u00f6zi szinten elismert d\u00edjakat zsebelt be. Ezt k\u00f6vet\u0151en, 2020-ban a \"<a href=\"https:\/\/www.youtube.com\/watch?v=7MTRXpBS9Uo&amp;list=PLDELX24sjKMt18lPbWE5UrRxe5x-ZOtCz&amp;index=5\">Szimpla manus<\/a>\" c\u00edm\u0171 alkot\u00e1s k\u00fcl\u00f6nd\u00edjban r\u00e9szes\u00fclt a Bujtor Istv\u00e1n Filmfesztiv\u00e1lon, m\u00edg a \"<a href=\"https:\/\/www.youtube.com\/watch?v=OZ4aH3EB0IU&amp;t=4s\">Magyar lap\u00e1t<\/a>\" c\u00edm\u0171 dokumentumfilm, amelyben r\u00e9szt vettem, szint\u00e9n rangos elismer\u00e9st kapott. Az eddigi munk\u00e1im k\u00f6z\u00f6tt k\u00fcl\u00f6nleges helyet foglal el a 2023-as \u00e9v, amikor az \"<a href=\"https:\/\/www.youtube.com\/watch?v=9RRiBN0IkeI&amp;list=PLDELX24sjKMt18lPbWE5UrRxe5x-ZOtCz&amp;index=7\">Eucharisztia<\/a>\" c\u00edm\u0171 film operat\u0151ri munk\u00e1mmal Los Angeles-i Kereszt\u00e9ny Filmfesztiv\u00e1lon elnyertem a legjobb operat\u0151ri d\u00edjat.<\/span><\/h5>\n<h5><span style=\"font-family: Raleway;\">Ez a szakmai elismer\u00e9s a munk\u00e1m ir\u00e1nti elk\u00f6telezetts\u00e9gemet \u00e9s a kreativit\u00e1somat ismeri el, \u00e9s egy\u00e9rtelm\u0171en az \u00e9vek sor\u00e1n szerzett tapasztalatok \u00e9s szakmai fejl\u0151d\u00e9s eredm\u00e9nye. Mint operat\u0151r, mindig t\u00f6rekszem a legmagasabb sz\u00ednvonal\u00fa munka elv\u00e9gz\u00e9s\u00e9re, \u00e9s b\u00fcszk\u00e9n n\u00e9zek vissza a sikeres projektek sorozat\u00e1ra, amelyekhez hozz\u00e1j\u00e1rulhattam. Az elnyert d\u00edjak \u00e9s az el\u00e9rt eredm\u00e9nyek tov\u00e1bbi inspir\u00e1ci\u00f3t adnak a j\u00f6v\u0151beli kih\u00edv\u00e1sokhoz, \u00e9s al\u00e1zattal tekintek el\u0151re, hogy tov\u00e1bbi m\u0171v\u00e9szi \u00e9s szakmai m\u00e9rf\u00f6ldk\u00f6veket \u00e9rjek el a filmes iparban.<\/span><\/h5><\/div><\/div><\/div><\/div><\/div><\/div><\/div><\/div><div class=\"vce-row-container\" data-vce-boxed-width=\"true\"><div class=\"vce-row vce-row--col-gap-30 vce-row-equal-height vce-row-content--top\" id=\"el-89a29e5c\" data-vce-do-apply=\"all el-89a29e5c\"><div class=\"vce-row-content\" data-vce-element-content=\"true\"><div class=\"vce-col vce-col--md-auto vce-col--xs-1 vce-col--xs-last vce-col--xs-first vce-col--sm-last vce-col--sm-first vce-col--md-last vce-col--lg-last vce-col--xl-last vce-col--md-first vce-col--lg-first vce-col--xl-first\" id=\"el-50b929ab\"><div class=\"vce-col-inner\" data-vce-do-apply=\"border margin background  el-50b929ab\"><div class=\"vce-col-content\" data-vce-element-content=\"true\" data-vce-do-apply=\"padding el-50b929ab\"><div class=\"vce vce-separator-container vce-separator--align-center vce-separator--style-shadow\" id=\"el-586bb940\" data-vce-do-apply=\"margin el-586bb940\"><div class=\"vce-separator vce-separator--color-bfc0c1 vce-separator--width-100 vce-separator--thickness-1\" data-vce-do-apply=\"border padding background  el-586bb940\"><div class=\"vce-separator-shadow vce-separator-shadow-left\"><\/div><div class=\"vce-separator-shadow vce-separator-shadow-right\"><\/div><\/div><\/div><\/div><\/div><\/div><\/div><\/div><\/div><div class=\"vce-row-container\" data-vce-boxed-width=\"true\"><div class=\"vce-row vce-row--col-gap-30 vce-row-equal-height vce-row-content--top\" id=\"el-0b9202e0\" data-vce-do-apply=\"all el-0b9202e0\"><div class=\"vce-row-content\" data-vce-element-content=\"true\"><div class=\"vce-col vce-col--md-auto vce-col--xs-1 vce-col--xs-last vce-col--xs-first vce-col--sm-last vce-col--sm-first vce-col--md-last vce-col--lg-last vce-col--xl-last vce-col--md-first vce-col--lg-first vce-col--xl-first\" id=\"el-6a3696b1\"><div class=\"vce-col-inner\" data-vce-do-apply=\"border margin background  el-6a3696b1\"><div class=\"vce-col-content\" data-vce-element-content=\"true\" data-vce-do-apply=\"padding el-6a3696b1\"><div class=\"vce-google-fonts-heading vce-google-fonts-heading--align-center vce-google-fonts-heading--color-empty--45--5C00FF--FF7200 vce-google-fonts-heading--font-family-Lato\"><div id=\"el-be9f6839\" class=\"vce-google-fonts-heading-wrapper\"><div class=\"vce-google-fonts-heading--background vce\" data-vce-do-apply=\"border background  padding margin el-be9f6839\"><h5 class=\"vce-google-fonts-heading-inner\" style=\"font-size: 50px; font-weight: 400; font-style: normal;\">D\u00cdJAK<\/h5><\/div><\/div><\/div><\/div><\/div><\/div><\/div><\/div><\/div><div class=\"vce-row-container\" data-vce-boxed-width=\"true\"><div class=\"vce-row vce-row--col-gap-30 vce-row-equal-height vce-row-content--top\" id=\"el-8b9b56a3\" data-vce-do-apply=\"all el-8b9b56a3\"><div class=\"vce-row-content\" data-vce-element-content=\"true\"><div class=\"vce-col vce-col--md-auto vce-col--xs-1 vce-col--xs-last vce-col--xs-first vce-col--sm-last vce-col--sm-first vce-col--md-last vce-col--lg-last vce-col--xl-last vce-col--md-first vce-col--lg-first vce-col--xl-first\" id=\"el-f0b7b84d\"><div class=\"vce-col-inner\" data-vce-do-apply=\"border margin background  el-f0b7b84d\"><div class=\"vce-col-content\" data-vce-element-content=\"true\" data-vce-do-apply=\"padding el-f0b7b84d\"><div class=\"vce-image-masonry-gallery\"><div class=\"vce-image-masonry-gallery-wrapper vce vce-image-masonry-gallery--gap-10 vce-image-masonry-gallery--columns-3\" id=\"el-11b70dcc\" data-vce-do-apply=\"all el-11b70dcc\"><div class=\"vce-image-masonry-gallery-list\"><div class=\"vce-image-masonry-gallery-column\"><a href=\"https:\/\/psdp.hu\/wp-content\/uploads\/2025\/01\/BIFF_Best-cinematography.jpg\" data-lightbox=\"lightbox-11b70dcc\" class=\"vce-image-masonry-gallery-item\"><img decoding=\"async\" class=\"vce-image-masonry-gallery-img\" src=\"https:\/\/psdp.hu\/wp-content\/uploads\/2025\/01\/BIFF_Best-cinematography.jpg\" alt=\"\"><\/a><\/div><div class=\"vce-image-masonry-gallery-column\"><a href=\"https:\/\/psdp.hu\/wp-content\/uploads\/2025\/01\/Christian-ff.jpg\" data-lightbox=\"lightbox-11b70dcc\" class=\"vce-image-masonry-gallery-item\"><img decoding=\"async\" class=\"vce-image-masonry-gallery-img\" src=\"https:\/\/psdp.hu\/wp-content\/uploads\/2025\/01\/Christian-ff.jpg\" alt=\"\"><\/a><\/div><div class=\"vce-image-masonry-gallery-column\"><a href=\"https:\/\/psdp.hu\/wp-content\/uploads\/2025\/01\/product-147205-46.jpg\" data-lightbox=\"lightbox-11b70dcc\" class=\"vce-image-masonry-gallery-item\"><img decoding=\"async\" class=\"vce-image-masonry-gallery-img\" src=\"https:\/\/psdp.hu\/wp-content\/uploads\/2025\/01\/product-147205-46.jpg\" alt=\"\"><\/a><\/div><\/div><\/div><\/div><\/div><\/div><\/div><\/div><\/div><\/div>","protected":false},"excerpt":{"rendered":"<p>ZSOLT PALATINUSOperat\u0151r, v\u00e1g\u00f3mailIMDbAz m\u00e9rn\u00f6ki v\u00e9gzetts\u00e9gemmel p\u00e1rhuzamosan 2013 \u00f3ta tev\u00e9kenykedem operat\u0151rk\u00e9nt, \u00e9s ezen id\u0151szak alatt lehet\u0151s\u00e9gem ny\u00edlt r\u00e9szt venni sz\u00e1mos nagyj\u00e1t\u00e9kfilm, dokumentumfilm \u00e9s rekl\u00e1mfilm elk\u00e9sz\u00edt\u00e9s\u00e9ben. A karrierem sor\u00e1n el\u00e9rt eredm\u00e9nyeim k\u00f6z\u00f6tt kiemelkedik a 2017-ben k\u00e9sz\u00fclt &#8222;A pillanat&nbsp;&#8221; c\u00edm\u0171 film, mely nemzetk\u00f6zi szinten elismert d\u00edjakat zsebelt be. Ezt k\u00f6vet\u0151en, 2020-ban a &#8222;Szimpla manus&#8221; c\u00edm\u0171 alkot\u00e1s k\u00fcl\u00f6nd\u00edjban r\u00e9szes\u00fclt a Bujtor Istv\u00e1n Filmfesztiv\u00e1lon, m\u00edg a &#8222;Magyar lap\u00e1t&#8221; c\u00edm\u0171 dokumentumfilm, amelyben r\u00e9szt vettem, szint\u00e9n rangos elismer\u00e9st kapott. Az eddigi munk\u00e1im k\u00f6z\u00f6tt k\u00fcl\u00f6nleges helyet foglal el a 2023-as \u00e9v, amikor az &#8222;Eucharisztia&#8221; c\u00edm\u0171 film operat\u0151ri munk\u00e1mmal Los Angeles-i Kereszt\u00e9ny Filmfesztiv\u00e1lon elnyertem a legjobb operat\u0151ri d\u00edjat. Ez a szakmai elismer\u00e9s a munk\u00e1m ir\u00e1nti elk\u00f6telezetts\u00e9gemet \u00e9s a kreativit\u00e1somat ismeri el, \u00e9s egy\u00e9rtelm\u0171en az \u00e9vek sor\u00e1n szerzett tapasztalatok \u00e9s szakmai fejl\u0151d\u00e9s eredm\u00e9nye. Mint operat\u0151r, mindig t\u00f6rekszem a legmagasabb sz\u00ednvonal\u00fa munka elv\u00e9gz\u00e9s\u00e9re, \u00e9s b\u00fcszk\u00e9n n\u00e9zek vissza a sikeres projektek sorozat\u00e1ra, amelyekhez hozz\u00e1j\u00e1rulhattam. Az elnyert d\u00edjak \u00e9s az el\u00e9rt eredm\u00e9nyek tov\u00e1bbi inspir\u00e1ci\u00f3t adnak a j\u00f6v\u0151beli kih\u00edv\u00e1sokhoz, \u00e9s al\u00e1zattal tekintek el\u0151re, hogy tov\u00e1bbi m\u0171v\u00e9szi \u00e9s szakmai m\u00e9rf\u00f6ldk\u00f6veket \u00e9rjek el a filmes iparban.D\u00cdJAK<\/p>\n","protected":false},"author":2,"featured_media":0,"parent":118,"menu_order":5,"comment_status":"closed","ping_status":"closed","template":"","meta":{"om_disable_all_campaigns":false,"_monsterinsights_skip_tracking":false,"_monsterinsights_sitenote_active":false,"_monsterinsights_sitenote_note":"","_monsterinsights_sitenote_category":0,"_uf_show_specific_survey":0,"_uf_disable_surveys":false,"footnotes":""},"class_list":["post-307","page","type-page","status-publish","hentry"],"aioseo_notices":[],"_links":{"self":[{"href":"https:\/\/psdp.hu\/index.php?rest_route=\/wp\/v2\/pages\/307","targetHints":{"allow":["GET"]}}],"collection":[{"href":"https:\/\/psdp.hu\/index.php?rest_route=\/wp\/v2\/pages"}],"about":[{"href":"https:\/\/psdp.hu\/index.php?rest_route=\/wp\/v2\/types\/page"}],"author":[{"embeddable":true,"href":"https:\/\/psdp.hu\/index.php?rest_route=\/wp\/v2\/users\/2"}],"replies":[{"embeddable":true,"href":"https:\/\/psdp.hu\/index.php?rest_route=%2Fwp%2Fv2%2Fcomments&post=307"}],"version-history":[{"count":18,"href":"https:\/\/psdp.hu\/index.php?rest_route=\/wp\/v2\/pages\/307\/revisions"}],"predecessor-version":[{"id":438,"href":"https:\/\/psdp.hu\/index.php?rest_route=\/wp\/v2\/pages\/307\/revisions\/438"}],"up":[{"embeddable":true,"href":"https:\/\/psdp.hu\/index.php?rest_route=\/wp\/v2\/pages\/118"}],"wp:attachment":[{"href":"https:\/\/psdp.hu\/index.php?rest_route=%2Fwp%2Fv2%2Fmedia&parent=307"}],"curies":[{"name":"wp","href":"https:\/\/api.w.org\/{rel}","templated":true}]}}