{"id":170,"date":"2023-11-27T16:07:54","date_gmt":"2023-11-27T16:07:54","guid":{"rendered":"http:\/\/psdp.hu\/?page_id=170"},"modified":"2026-01-28T14:35:51","modified_gmt":"2026-01-28T13:35:51","slug":"automatikus-vazlat","status":"publish","type":"page","link":"https:\/\/psdp.hu\/?page_id=170","title":{"rendered":""},"content":{"rendered":"<div class=\"vce-row-container\"><div class=\"vce-row vce-element--has-background vce-row--col-gap-30 vce-row-full-height vce-row-columns--middle vce-row-content--top\" data-vce-full-width=\"true\" id=\"el-d24278c9\" data-vce-do-apply=\"all el-d24278c9\"><div class=\"vce-content-background-container\"><div class=\"vce-asset-color-gradient-container vce-visible-all-only\" data-vce-do-apply=\"gradient el-d24278c9\"><\/div><\/div><div class=\"vce-row-content\" data-vce-element-content=\"true\"><div class=\"vce-col vce-col--md-auto vce-col--xs-1 vce-col--xs-last vce-col--xs-first vce-col--sm-last vce-col--sm-first vce-col--md-last vce-col--lg-last vce-col--xl-last vce-col--md-first vce-col--lg-first vce-col--xl-first\" id=\"el-7872c984\"><div class=\"vce-col-inner\" data-vce-do-apply=\"border margin background  el-7872c984\"><div class=\"vce-col-content\" data-vce-element-content=\"true\" data-vce-do-apply=\"padding el-7872c984\"><div class=\"vce-text-block\"><div class=\"vce-text-block-wrapper vce\" id=\"el-8d210aae\" data-vce-do-apply=\"all el-8d210aae\"><h2><span style=\"font-family: 'Bebas Neue';\">BEthelne g\u00e1bor erd\u00e9ly fejedelme&nbsp; - 2026<\/span><\/h2>\n<h6><span style=\"font-family: 'Bebas Neue';\">Producer , \u00edr\u00f3,&nbsp; Rendez\u0151 - Po\u00f3r istv\u00e1n,<\/span><\/h6>\n<p><span style=\"color: #ffffff; font-family: 'Bebas Neue'; font-size: 20px;\">kreat\u00edv producer -&nbsp; p. So\u00f3s kata<\/span><\/p>\n<p><span style=\"font-family: 'Bebas Neue'; color: #ffffff; font-size: 20px; background-color: transparent; letter-spacing: 0px;\">DOP - palatinus Zsolt<\/span><\/p><\/div><\/div><div class=\"vce-single-image-container vce-single-image--align-left\"><div class=\"vce vce-single-image-wrapper\" id=\"el-e9e0c200\" data-vce-do-apply=\"all el-e9e0c200\"><figure><div class=\"vce-single-image-figure-inner\" style=\"width: 8268px;\"><a href=\"https:\/\/psdp.hu\/wp-content\/uploads\/2026\/01\/Bethlen_poszter_v4.jpg\" data-lightbox=\"lightbox-e9e0c200\" class=\"vce-single-image-inner vce-single-image--absolute\" style=\"width: 100%; padding-bottom: 142.852%;\"><img decoding=\"async\" class=\"vce-single-image\" src=\"https:\/\/psdp.hu\/wp-content\/uploads\/2026\/01\/Bethlen_poszter_v4.jpg\" data-img-src=\"https:\/\/psdp.hu\/wp-content\/uploads\/2026\/01\/Bethlen_poszter_v4.jpg\" data-attachment-id=\"450\" alt=\"\" title=\"Bethlen_poszter_v4\"><\/a><\/div><figcaption hidden=\"\"><\/figcaption><\/figure><\/div><\/div><div class=\"vce-row-container\" data-vce-boxed-width=\"true\"><div class=\"vce-row vce-row--col-gap-30 vce-row-content--top\" id=\"el-e11ba0a8\" data-vce-do-apply=\"all el-e11ba0a8\"><div class=\"vce-content-background-container\"><\/div><div class=\"vce-row-content\" data-vce-element-content=\"true\"><div class=\"vce-col vce-col--md-auto vce-col--xs-1 vce-col--xs-last vce-col--xs-first vce-col--sm-last vce-col--sm-first vce-col--md-first vce-col--lg-first vce-col--xl-first\" id=\"el-d0d3462c\"><div class=\"vce-col-inner\" data-vce-do-apply=\"border margin background  el-d0d3462c\"><div class=\"vce-content-background-container\"><\/div><div class=\"vce-col-content\" data-vce-element-content=\"true\" data-vce-do-apply=\"padding el-d0d3462c\"><div class=\"vce-text-block\"><div class=\"vce-text-block-wrapper vce\" id=\"el-9fcb6693\" data-vce-do-apply=\"all el-9fcb6693\"><h2><span style=\"font-family: 'Bebas Neue';\">Christmas map - 2024<\/span><\/h2>\n<h6><span style=\"font-family: 'Bebas Neue';\">Producer, Rendez\u0151 - Ahmed Hamdy, Ramy El Gindi<\/span><\/h6>\n<h6><span style=\"font-family: 'Bebas Neue';\">Line Producer - palatinus Zsolt<\/span><\/h6>\n<h6><span style=\"font-family: 'Bebas Neue';\">TCIFF K\u00fcl\u00f6nd\u00edj<\/span><span style=\"font-family: 'Bebas Neue';\">-&nbsp; Tony Curtis FIlm Festival Hungary<\/span><\/h6>\n<h6>&nbsp;<\/h6><\/div><\/div><div class=\"vce-single-image-container vce-single-image--align-left\"><div class=\"vce vce-single-image-wrapper\" id=\"el-d5d58bdb\" data-vce-do-apply=\"all el-d5d58bdb\"><figure><div class=\"vce-single-image-figure-inner\" style=\"width: 1080px;\"><a href=\"https:\/\/psdp.hu\/wp-content\/uploads\/2026\/01\/595818086_10163451961953159_7337806338514498736_n.jpg\" data-lightbox=\"lightbox-d5d58bdb\" class=\"vce-single-image-inner vce-single-image--absolute\" style=\"width: 100%; padding-bottom: 125%;\"><img decoding=\"async\" class=\"vce-single-image\" src=\"https:\/\/psdp.hu\/wp-content\/uploads\/2026\/01\/595818086_10163451961953159_7337806338514498736_n.jpg\" data-img-src=\"https:\/\/psdp.hu\/wp-content\/uploads\/2026\/01\/595818086_10163451961953159_7337806338514498736_n.jpg\" data-attachment-id=\"446\" alt=\"\" title=\"595818086_10163451961953159_7337806338514498736_n\"><\/a><\/div><figcaption hidden=\"\"><\/figcaption><\/figure><\/div><\/div><div class=\"vce-text-block\"><div class=\"vce-text-block-wrapper vce\" id=\"el-e98cfe1b\" data-vce-do-apply=\"all el-e98cfe1b\"><h2><span style=\"font-family: 'Bebas Neue';\">EUCHARISZTIA - 2020<\/span><\/h2><h6><span style=\"font-family: 'Bebas Neue';\">Producer, Rendez\u0151 - Po\u00f3r Istv\u00e1n,<\/span><\/h6><h6><span style=\"font-family: 'Bebas Neue';\">DOP - palatinus Zsolt<\/span><\/h6><h6><span style=\"font-family: 'Bebas Neue';\">BEST CINEMATOGRAPHy <\/span><span style=\"font-family: 'Bebas Neue';\">-&nbsp; los angeles CHRISTIAN ONLINE FILM FESTIVAL<\/span><\/h6><h6><span style=\"font-family: 'Bebas Neue';\">honorable mention - ARGENTINA Cine Pobre Film Festival 2024<\/span><\/h6><\/div><\/div><div class=\"vce-single-image-container vce-single-image--align-left\"><div class=\"vce vce-single-image-wrapper\" id=\"el-885b297e\" data-vce-do-apply=\"all el-885b297e\"><figure><div class=\"vce-single-image-figure-inner\" style=\"width: 7245px;\"><a href=\"https:\/\/psdp.hu\/wp-content\/uploads\/2024\/05\/EUCHARISTIA-PLAKAT.jpg\" data-lightbox=\"lightbox-885b297e\" class=\"vce-single-image-inner vce-single-image--absolute\" style=\"width: 100%; padding-bottom: 140.152%;\"><img decoding=\"async\" class=\"vce-single-image\" src=\"https:\/\/psdp.hu\/wp-content\/uploads\/2024\/05\/EUCHARISTIA-PLAKAT.jpg\" data-img-src=\"https:\/\/psdp.hu\/wp-content\/uploads\/2024\/05\/EUCHARISTIA-PLAKAT.jpg\" data-attachment-id=\"432\" alt=\"\" title=\"EUCHARISTIA PLAKA\u0301T\"><\/a><\/div><figcaption hidden=\"\"><\/figcaption><\/figure><\/div><\/div><div class=\"vce-text-block\"><div class=\"vce-text-block-wrapper vce\" id=\"el-064c4c27\" data-vce-do-apply=\"all el-064c4c27\"><h2><span style=\"font-family: 'Bebas Neue';\">a pillanat \/ the moment\/ - 2017<\/span><\/h2><h6><span style=\"font-family: 'Bebas Neue';\">Producer - Rendez\u0151 tom aspy<\/span><\/h6><h6><span style=\"font-family: 'Bebas Neue';\">operat\u0151r - palatinus Zsolt<\/span><\/h6><h6><span style=\"font-family: 'Bebas Neue';\">sz\u00e1mos eur\u00f3pai \u00e9s tengeren t\u00fali d\u00edjat \u00e9s jel\u00f6l\u00e9st kapott<\/span><\/h6><\/div><\/div><div class=\"vce-single-image-container vce-single-image--align-left\"><div class=\"vce vce-single-image-wrapper\" id=\"el-e4e33349\" data-vce-do-apply=\"all el-e4e33349\"><figure><div class=\"vce-single-image-figure-inner\" style=\"width: 1434px;\"><a href=\"https:\/\/psdp.hu\/wp-content\/uploads\/2023\/11\/323418134_946268296540791_6515601861398493775_n.jpg\" data-lightbox=\"lightbox-e4e33349\" class=\"vce-single-image-inner vce-single-image--absolute\" style=\"width: 100%; padding-bottom: 142.817%;\"><img decoding=\"async\" class=\"vce-single-image\" src=\"https:\/\/psdp.hu\/wp-content\/uploads\/2023\/11\/323418134_946268296540791_6515601861398493775_n.jpg\" data-img-src=\"https:\/\/psdp.hu\/wp-content\/uploads\/2023\/11\/323418134_946268296540791_6515601861398493775_n.jpg\" data-attachment-id=\"87\" alt=\"A PILLANAT film\" title=\"A pillanat\"><\/a><\/div><figcaption hidden=\"\"><\/figcaption><\/figure><\/div><\/div><div class=\"vce-text-block\"><div class=\"vce-text-block-wrapper vce\" id=\"el-124e3094\" data-vce-do-apply=\"all el-124e3094\"><h2><span style=\"font-family: 'Bebas Neue';\">magyar lap\u00e1t - 2018<\/span><\/h2><h6><span style=\"font-family: 'Bebas Neue';\">Producer - gy\u00f6rgy lea, <\/span><span style=\"font-family: 'Bebas Neue';\">Rendez\u0151 - K\u00f6vessy r\u00f3bert<\/span><\/h6><h6><span style=\"font-family: 'Bebas Neue';\">operat\u0151r - Mikl\u00f3sv\u00f6lgyi Csaba, palatinus Zsolt<\/span><\/h6><h6><span style=\"font-family: 'Bebas Neue';\">Bujtor istv\u00e1n filmfesztiv\u00e1l els\u0151 helyezett<\/span><\/h6><\/div><\/div><div class=\"vce-single-image-container vce-single-image--align-left\"><div class=\"vce vce-single-image-wrapper\" id=\"el-f10e1ebd\" data-vce-do-apply=\"all el-f10e1ebd\"><figure><div class=\"vce-single-image-figure-inner\" style=\"width: 1984px;\"><a href=\"https:\/\/psdp.hu\/wp-content\/uploads\/2023\/11\/wichmann_plakat_20230523.png\" data-lightbox=\"lightbox-f10e1ebd\" class=\"vce-single-image-inner vce-single-image--absolute\" style=\"width: 100%; padding-bottom: 142.893%;\"><img decoding=\"async\" class=\"vce-single-image\" src=\"https:\/\/psdp.hu\/wp-content\/uploads\/2023\/11\/wichmann_plakat_20230523.png\" data-img-src=\"https:\/\/psdp.hu\/wp-content\/uploads\/2023\/11\/wichmann_plakat_20230523.png\" data-attachment-id=\"177\" alt=\"\" title=\"wichmann_plakat_20230523\"><\/a><\/div><figcaption hidden=\"\"><\/figcaption><\/figure><\/div><\/div><div class=\"vce-text-block\"><div class=\"vce-text-block-wrapper vce\" id=\"el-693724f0\" data-vce-do-apply=\"all el-693724f0\"><h2><span style=\"font-family: 'Bebas Neue';\">messzeviv\u0151 t\u00e1vlatok - 2021<\/span><\/h2><h6><span style=\"font-family: 'Bebas Neue';\">Producer - gy\u00f6rgy lea, <\/span><\/h6><h6><span style=\"font-family: 'Bebas Neue';\">Rendez\u0151 - garami szilvia<\/span><\/h6><h6><span style=\"font-family: 'Bebas Neue';\">operat\u0151r- palatinus zsolt, p. So\u00f3s Kata<\/span><\/h6><\/div><\/div><div class=\"vce-single-image-container vce-single-image--align-left\"><div class=\"vce vce-single-image-wrapper\" id=\"el-e6b97cb9\" data-vce-do-apply=\"all el-e6b97cb9\"><figure><div class=\"vce-single-image-figure-inner\" style=\"width: 1984px;\"><a href=\"https:\/\/psdp.hu\/wp-content\/uploads\/2024\/01\/messzevivo_plakat.png\" data-lightbox=\"lightbox-e6b97cb9\" class=\"vce-single-image-inner vce-single-image--absolute\" style=\"width: 100%; padding-bottom: 142.893%;\"><img decoding=\"async\" class=\"vce-single-image\" src=\"https:\/\/psdp.hu\/wp-content\/uploads\/2024\/01\/messzevivo_plakat.png\" data-img-src=\"https:\/\/psdp.hu\/wp-content\/uploads\/2024\/01\/messzevivo_plakat.png\" data-attachment-id=\"261\" alt=\"\" title=\"messzevivo\u030b_plaka\u0301t\"><\/a><\/div><figcaption hidden=\"\"><\/figcaption><\/figure><\/div><\/div><div class=\"vce-text-block\"><div class=\"vce-text-block-wrapper vce\" id=\"el-b996cf5a\" data-vce-do-apply=\"all el-b996cf5a\"><h2><span style=\"font-family: 'Bebas Neue';\">MAGAMR\u00d3L - 2021<\/span><\/h2><h6><span style=\"font-family: 'Bebas Neue';\">Producer, Rendez\u0151 - SZABADOS VIKTOR, <\/span><\/h6><h6><span style=\"font-family: 'Bebas Neue';\">DOP - Palatinus zsolt<\/span><\/h6><\/div><\/div><div class=\"vce-single-image-container vce-single-image--align-left\"><div class=\"vce vce-single-image-wrapper\" id=\"el-6a5829e0\" data-vce-do-apply=\"all el-6a5829e0\"><figure><div class=\"vce-single-image-figure-inner\" style=\"width: 1123px;\"><a href=\"https:\/\/psdp.hu\/wp-content\/uploads\/2024\/02\/Screenshot-2024-02-01-at-10.18.15.png\" data-lightbox=\"lightbox-6a5829e0\" class=\"vce-single-image-inner vce-single-image--absolute\" style=\"width: 100%; padding-bottom: 143.544%;\"><img decoding=\"async\" class=\"vce-single-image\" src=\"https:\/\/psdp.hu\/wp-content\/uploads\/2024\/02\/Screenshot-2024-02-01-at-10.18.15.png\" data-img-src=\"https:\/\/psdp.hu\/wp-content\/uploads\/2024\/02\/Screenshot-2024-02-01-at-10.18.15.png\" data-attachment-id=\"377\" alt=\"\" title=\"Screenshot 2024-02-01 at 10.18.15\"><\/a><\/div><figcaption hidden=\"\"><\/figcaption><\/figure><\/div><\/div><\/div><\/div><\/div><div class=\"vce-col vce-col--md-auto vce-col--xs-1 vce-col--xs-last vce-col--xs-first vce-col--sm-last vce-col--sm-first vce-col--md-last vce-col--lg-last vce-col--xl-last\" id=\"el-4d270802\"><div class=\"vce-col-inner\" data-vce-do-apply=\"border margin background  el-4d270802\"><div class=\"vce-content-background-container\"><div class=\"vce-asset-color-gradient-container vce-visible-lg-only\" data-vce-do-apply=\"gradient el-4d270802\"><\/div><div class=\"vce-asset-color-gradient-container vce-visible-md-only\" data-vce-do-apply=\"gradient el-4d270802\"><\/div><div class=\"vce-asset-color-gradient-container vce-visible-sm-only\" data-vce-do-apply=\"gradient el-4d270802\"><\/div><div class=\"vce-asset-color-gradient-container vce-visible-xs-only\" data-vce-do-apply=\"gradient el-4d270802\"><\/div><\/div><div class=\"vce-col-content\" data-vce-element-content=\"true\" data-vce-do-apply=\"padding el-4d270802\"><div class=\"vce-text-block\"><div class=\"vce-text-block-wrapper vce\" id=\"el-3ecc3aee\" data-vce-do-apply=\"all el-3ecc3aee\"><h2><span style=\"font-family: 'Bebas Neue';\">M\u00e1rton \u00c1ron - 2023<\/span><\/h2><h6><span style=\"font-family: 'Bebas Neue';\">Producer, <\/span><span style=\"font-family: 'Bebas Neue';\">Rendez\u0151 - Po\u00f3r istv\u00e1n, <\/span><span style=\"font-family: 'Bebas Neue';\">Kreat\u00edv Producer - P. So\u00f3s kata<\/span><\/h6><h6><span style=\"font-family: 'Bebas Neue';\">DOP - palatinus Zsolt<\/span><\/h6><h6><span style=\"font-family: 'Bebas Neue';\">BEST CINEMATOGRAPHY-&nbsp; <\/span><span style=\"font-family: 'Bebas Neue';\">los angeles CHRISTIAN ONLINE FILM FESTIVAL, <\/span><\/h6><h6><span style=\"font-family: 'Bebas Neue';\">BEST CINEMATOGRAPHY-&nbsp; <\/span><span style=\"font-family: 'Bebas Neue';\">Eastern europe film festival<\/span><\/h6><\/div><\/div><div class=\"vce-single-image-container vce-single-image--align-left\"><div class=\"vce vce-single-image-wrapper\" id=\"el-77e97a9c\" data-vce-do-apply=\"all el-77e97a9c\"><figure><div class=\"vce-single-image-figure-inner\" style=\"width: 7245px;\"><a href=\"https:\/\/psdp.hu\/wp-content\/uploads\/2023\/11\/Marton-ARon_PLAKAT_sk.png\" data-lightbox=\"lightbox-77e97a9c\" class=\"vce-single-image-inner vce-single-image--absolute\" style=\"width: 100%; padding-bottom: 140.152%;\"><img decoding=\"async\" class=\"vce-single-image\" src=\"https:\/\/psdp.hu\/wp-content\/uploads\/2023\/11\/Marton-ARon_PLAKAT_sk.png\" data-img-src=\"https:\/\/psdp.hu\/wp-content\/uploads\/2023\/11\/Marton-ARon_PLAKAT_sk.png\" data-attachment-id=\"176\" alt=\"\" title=\"Ma\u0301rton A\u0301Ron_PLAKA\u0301T_sk\"><\/a><\/div><figcaption hidden=\"\"><\/figcaption><\/figure><\/div><\/div><div class=\"vce-text-block\"><div class=\"vce-text-block-wrapper vce\" id=\"el-5cd67291\" data-vce-do-apply=\"all el-5cd67291\"><h2><span style=\"font-family: 'Bebas Neue';\">szimpla manus - 2019<\/span><\/h2><h6><span style=\"font-family: 'Bebas Neue';\">Producer - Gy\u00f6rgy lea ,&nbsp; Rendez\u0151 - magyar attila,<\/span><\/h6><h6><span style=\"font-family: 'Bebas Neue';\">DOP - palatinus Zsolt<\/span><\/h6><h6><span style=\"font-family: 'Bebas Neue';\">k\u00fcl\u00f6nd\u00edj&nbsp; -&nbsp; bujtor istv\u00e1n filmfesztiv\u00e1l<\/span><\/h6><\/div><\/div><div class=\"vce-single-image-container vce-single-image--align-left\"><div class=\"vce vce-single-image-wrapper\" id=\"el-4d0d9614\" data-vce-do-apply=\"all el-4d0d9614\"><figure><div class=\"vce-single-image-figure-inner\" style=\"width: 1830px;\"><a href=\"https:\/\/psdp.hu\/wp-content\/uploads\/2023\/11\/szimplamanus_plakat_final-01-01-scaled.jpg\" data-lightbox=\"lightbox-4d0d9614\" class=\"vce-single-image-inner vce-single-image--absolute\" style=\"width: 100%; padding-bottom: 139.891%;\"><img decoding=\"async\" class=\"vce-single-image\" src=\"https:\/\/psdp.hu\/wp-content\/uploads\/2023\/11\/szimplamanus_plakat_final-01-01-scaled.jpg\" data-img-src=\"https:\/\/psdp.hu\/wp-content\/uploads\/2023\/11\/szimplamanus_plakat_final-01-01-scaled.jpg\" data-attachment-id=\"89\" alt=\"Szimpla manus\" title=\"Szimpla manus\"><\/a><\/div><figcaption hidden=\"\"><\/figcaption><\/figure><\/div><\/div><div class=\"vce-text-block\"><div class=\"vce-text-block-wrapper vce\" id=\"el-fe008d32\" data-vce-do-apply=\"all el-fe008d32\"><h2><span style=\"font-family: 'Bebas Neue';\">gy\u00e1sz - 2022<\/span><\/h2><h6><span style=\"font-family: 'Bebas Neue';\">Producer - wiedermann j\u00e1nos, <\/span><\/h6><h6><span style=\"font-family: 'Bebas Neue';\">Rendez\u0151 - sz\u0171cs d\u00f3ra, FEJES RITA<\/span><\/h6><h6><span style=\"font-family: 'Bebas Neue';\">operat\u0151r - palatinus Zsolt<\/span><\/h6><\/div><\/div><div class=\"vce-single-image-container vce-single-image--align-left\"><div class=\"vce vce-single-image-wrapper\" id=\"el-01893918\" data-vce-do-apply=\"all el-01893918\"><figure><div class=\"vce-single-image-figure-inner\" style=\"width: 1299px;\"><a href=\"https:\/\/psdp.hu\/wp-content\/uploads\/2024\/01\/gyaszfilm_poster_hun_baber.png\" data-lightbox=\"lightbox-01893918\" class=\"vce-single-image-inner vce-single-image--absolute\" style=\"width: 100%; padding-bottom: 147.806%;\"><img decoding=\"async\" class=\"vce-single-image\" src=\"https:\/\/psdp.hu\/wp-content\/uploads\/2024\/01\/gyaszfilm_poster_hun_baber.png\" data-img-src=\"https:\/\/psdp.hu\/wp-content\/uploads\/2024\/01\/gyaszfilm_poster_hun_baber.png\" data-attachment-id=\"264\" alt=\"\" title=\"gya\u0301szfilm_poster_hun_baber\"><\/a><\/div><figcaption hidden=\"\"><\/figcaption><\/figure><\/div><\/div><div class=\"vce-text-block\"><div class=\"vce-text-block-wrapper vce\" id=\"el-12fdd298\" data-vce-do-apply=\"all el-12fdd298\"><h2><span style=\"font-family: 'Bebas Neue';\">H\u00c1BOR\u00da NEM V\u00c1LASZ - 2022<\/span><\/h2><h6><span style=\"font-family: 'Bebas Neue';\">Producer - gy\u00f6rgy lea, <\/span><\/h6><h6><span style=\"font-family: 'Bebas Neue';\">Rendez\u0151 - p. so\u00f3s kata, <\/span><\/h6><h6><span style=\"font-family: 'Bebas Neue';\">operat\u0151r -&nbsp; palatinus zsolt<\/span><\/h6><\/div><\/div><div class=\"vce-single-image-container vce-single-image--align-left\"><div class=\"vce vce-single-image-wrapper\" id=\"el-b92369ed\" data-vce-do-apply=\"all el-b92369ed\"><figure><div class=\"vce-single-image-figure-inner\" style=\"width: 2002px;\"><a href=\"https:\/\/psdp.hu\/wp-content\/uploads\/2024\/02\/poster_nem-valasz_aziff.png\" data-lightbox=\"lightbox-b92369ed\" class=\"vce-single-image-inner vce-single-image--absolute\" style=\"width: 100%; padding-bottom: 147.902%;\"><img decoding=\"async\" class=\"vce-single-image\" src=\"https:\/\/psdp.hu\/wp-content\/uploads\/2024\/02\/poster_nem-valasz_aziff.png\" data-img-src=\"https:\/\/psdp.hu\/wp-content\/uploads\/2024\/02\/poster_nem-valasz_aziff.png\" data-attachment-id=\"379\" alt=\"\" title=\"poster_nem va\u0301lasz_aziff\"><\/a><\/div><figcaption hidden=\"\"><\/figcaption><\/figure><\/div><\/div><div class=\"vce-text-block\"><div class=\"vce-text-block-wrapper vce\" id=\"el-2f9ce62d\" data-vce-do-apply=\"all el-2f9ce62d\"><h2><span style=\"font-family: 'Bebas Neue';\">az alkot\u00e1s \u00f6r\u00f6me - 2024<\/span><\/h2><h6><span style=\"font-family: 'Bebas Neue';\">&nbsp;Rendez\u0151 - Balogh ern\u0151 zolt\u00e1n<\/span><\/h6><h6><span style=\"font-family: 'Bebas Neue';\">ataff d\u00edjas alkot\u00e1s<\/span><\/h6><h6><span style=\"font-family: 'Bebas Neue';\">DOP - Palatinus zsolt<\/span><\/h6><\/div><\/div><div class=\"vce-single-image-container vce-single-image--align-left\"><div class=\"vce vce-single-image-wrapper\" id=\"el-1c924994\" data-vce-do-apply=\"all el-1c924994\"><figure><div class=\"vce-single-image-figure-inner\" style=\"width: 1448px;\"><a href=\"https:\/\/psdp.hu\/wp-content\/uploads\/2025\/01\/469102132_122124171200515307_6955381516730748047_n.jpg\" data-lightbox=\"lightbox-1c924994\" class=\"vce-single-image-inner vce-single-image--absolute\" style=\"width: 100%; padding-bottom: 141.436%;\"><img decoding=\"async\" class=\"vce-single-image\" src=\"https:\/\/psdp.hu\/wp-content\/uploads\/2025\/01\/469102132_122124171200515307_6955381516730748047_n.jpg\" data-img-src=\"https:\/\/psdp.hu\/wp-content\/uploads\/2025\/01\/469102132_122124171200515307_6955381516730748047_n.jpg\" data-attachment-id=\"439\" alt=\"\" title=\"469102132_122124171200515307_6955381516730748047_n\"><\/a><\/div><figcaption hidden=\"\"><\/figcaption><\/figure><\/div><\/div><\/div><\/div><\/div><\/div><\/div><\/div><\/div><\/div><\/div><\/div><\/div><\/div><div class=\"vce-row-container\" data-vce-boxed-width=\"true\"><div class=\"vce-row vce-row--col-gap-30 vce-row-equal-height vce-row-content--top\" id=\"el-f089363f\" data-vce-do-apply=\"all el-f089363f\"><div class=\"vce-row-content\" data-vce-element-content=\"true\"><div class=\"vce-col vce-col--md-auto vce-col--xs-1 vce-col--xs-last vce-col--xs-first vce-col--sm-last vce-col--sm-first vce-col--md-last vce-col--lg-last vce-col--xl-last vce-col--md-first vce-col--lg-first vce-col--xl-first\" id=\"el-30d650a2\"><div class=\"vce-col-inner\" data-vce-do-apply=\"border margin background  el-30d650a2\"><div class=\"vce-col-content\" data-vce-element-content=\"true\" data-vce-do-apply=\"padding el-30d650a2\"><div class=\"vce vce-separator-container vce-separator--align-center vce-separator--style-shadow\" id=\"el-28a73fb5\" data-vce-do-apply=\"margin el-28a73fb5\"><div class=\"vce-separator vce-separator--color-b-191-192-193 vce-separator--width-100 vce-separator--thickness-1\" data-vce-do-apply=\"border padding background  el-28a73fb5\"><div class=\"vce-separator-shadow vce-separator-shadow-left\"><\/div><div class=\"vce-separator-shadow vce-separator-shadow-right\"><\/div><\/div><\/div><\/div><\/div><\/div><\/div><\/div><\/div>\n","protected":false},"excerpt":{"rendered":"<p>BEthelne g\u00e1bor erd\u00e9ly fejedelme&nbsp; &#8211; 2026 Producer , \u00edr\u00f3,&nbsp; Rendez\u0151 &#8211; Po\u00f3r istv\u00e1n, kreat\u00edv producer &#8211;&nbsp; p. So\u00f3s kata DOP &#8211; palatinus ZsoltChristmas map &#8211; 2024 Producer, Rendez\u0151 &#8211; Ahmed Hamdy, Ramy El Gindi Line Producer &#8211; palatinus Zsolt TCIFF K\u00fcl\u00f6nd\u00edj-&nbsp; Tony Curtis FIlm Festival Hungary &nbsp;EUCHARISZTIA &#8211; 2020Producer, Rendez\u0151 &#8211; Po\u00f3r Istv\u00e1n,DOP &#8211; palatinus ZsoltBEST CINEMATOGRAPHy &#8211;&nbsp; los angeles CHRISTIAN ONLINE FILM FESTIVALhonorable mention &#8211; ARGENTINA Cine Pobre Film Festival 2024a pillanat \/ the moment\/ &#8211; 2017Producer &#8211; Rendez\u0151 tom aspyoperat\u0151r &#8211; palatinus Zsoltsz\u00e1mos eur\u00f3pai \u00e9s tengeren t\u00fali d\u00edjat \u00e9s jel\u00f6l\u00e9st kapottmagyar lap\u00e1t &#8211; 2018Producer &#8211; gy\u00f6rgy lea, Rendez\u0151 &#8211; K\u00f6vessy r\u00f3bertoperat\u0151r &#8211; Mikl\u00f3sv\u00f6lgyi Csaba, palatinus ZsoltBujtor istv\u00e1n filmfesztiv\u00e1l els\u0151 helyezettmesszeviv\u0151 t\u00e1vlatok &#8211; 2021Producer &#8211; gy\u00f6rgy lea, Rendez\u0151 &#8211; garami szilviaoperat\u0151r- palatinus zsolt, p. So\u00f3s KataMAGAMR\u00d3L &#8211; 2021Producer, Rendez\u0151 &#8211; SZABADOS VIKTOR, DOP &#8211; Palatinus zsoltM\u00e1rton \u00c1ron &#8211; 2023Producer, Rendez\u0151 &#8211; Po\u00f3r istv\u00e1n, Kreat\u00edv Producer &#8211; P. So\u00f3s kataDOP &#8211; palatinus ZsoltBEST CINEMATOGRAPHY-&nbsp; los angeles CHRISTIAN ONLINE FILM FESTIVAL, BEST CINEMATOGRAPHY-&nbsp; Eastern europe film festivalszimpla manus &#8211; 2019Producer &#8211; Gy\u00f6rgy lea ,&nbsp; Rendez\u0151 &#8211; magyar attila,DOP &#8211; palatinus Zsoltk\u00fcl\u00f6nd\u00edj&nbsp; &#8211;&nbsp; bujtor istv\u00e1n filmfesztiv\u00e1lgy\u00e1sz &#8211; 2022Producer &#8211; wiedermann j\u00e1nos, Rendez\u0151 &#8211; sz\u0171cs d\u00f3ra, FEJES RITAoperat\u0151r &#8211; palatinus ZsoltH\u00c1BOR\u00da NEM V\u00c1LASZ &#8211; 2022Producer &#8211; gy\u00f6rgy lea, Rendez\u0151 &#8211; p. so\u00f3s kata, operat\u0151r &#8211;&nbsp; palatinus zsoltaz alkot\u00e1s \u00f6r\u00f6me &#8211; 2024&nbsp;Rendez\u0151 &#8211; Balogh ern\u0151 zolt\u00e1nataff d\u00edjas alkot\u00e1sDOP &#8211; Palatinus zsolt<\/p>\n","protected":false},"author":2,"featured_media":0,"parent":118,"menu_order":3,"comment_status":"closed","ping_status":"closed","template":"","meta":{"om_disable_all_campaigns":false,"_monsterinsights_skip_tracking":false,"_monsterinsights_sitenote_active":false,"_monsterinsights_sitenote_note":"","_monsterinsights_sitenote_category":0,"_uf_show_specific_survey":0,"_uf_disable_surveys":false,"footnotes":""},"class_list":["post-170","page","type-page","status-publish","hentry"],"aioseo_notices":[],"_links":{"self":[{"href":"https:\/\/psdp.hu\/index.php?rest_route=\/wp\/v2\/pages\/170","targetHints":{"allow":["GET"]}}],"collection":[{"href":"https:\/\/psdp.hu\/index.php?rest_route=\/wp\/v2\/pages"}],"about":[{"href":"https:\/\/psdp.hu\/index.php?rest_route=\/wp\/v2\/types\/page"}],"author":[{"embeddable":true,"href":"https:\/\/psdp.hu\/index.php?rest_route=\/wp\/v2\/users\/2"}],"replies":[{"embeddable":true,"href":"https:\/\/psdp.hu\/index.php?rest_route=%2Fwp%2Fv2%2Fcomments&post=170"}],"version-history":[{"count":31,"href":"https:\/\/psdp.hu\/index.php?rest_route=\/wp\/v2\/pages\/170\/revisions"}],"predecessor-version":[{"id":465,"href":"https:\/\/psdp.hu\/index.php?rest_route=\/wp\/v2\/pages\/170\/revisions\/465"}],"up":[{"embeddable":true,"href":"https:\/\/psdp.hu\/index.php?rest_route=\/wp\/v2\/pages\/118"}],"wp:attachment":[{"href":"https:\/\/psdp.hu\/index.php?rest_route=%2Fwp%2Fv2%2Fmedia&parent=170"}],"curies":[{"name":"wp","href":"https:\/\/api.w.org\/{rel}","templated":true}]}}