{"id":119,"date":"2023-11-21T15:10:52","date_gmt":"2023-11-21T15:10:52","guid":{"rendered":"http:\/\/psdp.hu\/?page_id=119"},"modified":"2024-04-25T09:02:18","modified_gmt":"2024-04-25T09:02:18","slug":"contact","status":"publish","type":"page","link":"https:\/\/psdp.hu\/?page_id=119","title":{"rendered":""},"content":{"rendered":"<div class=\"vce-row-container\" data-vce-boxed-width=\"true\"><div class=\"vce-row vce-row--col-gap-30 vce-row-equal-height vce-row-content--top\" id=\"el-73a99814\" data-vce-do-apply=\"all el-73a99814\"><div class=\"vce-row-content\" data-vce-element-content=\"true\"><div class=\"vce-col vce-col--md-auto vce-col--xs-1 vce-col--xs-last vce-col--xs-first vce-col--sm-last vce-col--sm-first vce-col--md-last vce-col--lg-last vce-col--xl-last vce-col--md-first vce-col--lg-first vce-col--xl-first\" id=\"el-1991ee27\"><div class=\"vce-col-inner\" data-vce-do-apply=\"border margin background  el-1991ee27\"><div class=\"vce-col-content\" data-vce-element-content=\"true\" data-vce-do-apply=\"padding el-1991ee27\"><div class=\"vce-text-block\"><div class=\"vce-text-block-wrapper vce\" id=\"el-b644cce1\" data-vce-do-apply=\"all el-b644cce1\"><h2 style=\"text-align: center; line-height: 1;\"><span style=\"font-family: 'Bebas Neue'; letter-spacing: 1px; font-style: inherit;\">EL\u00c9RHET\u0150S\u00c9GEINK<\/span><\/h2><\/div><\/div><div class=\"vce vce-separator-container vce-separator--align-center vce-separator--style-shadow\" id=\"el-71b0c11a\" data-vce-do-apply=\"margin el-71b0c11a\"><div class=\"vce-separator vce-separator--color-bfc0c1 vce-separator--width-99 vce-separator--thickness-1\" data-vce-do-apply=\"border padding background  el-71b0c11a\"><div class=\"vce-separator-shadow vce-separator-shadow-left\"><\/div><div class=\"vce-separator-shadow vce-separator-shadow-right\"><\/div><\/div><\/div><\/div><\/div><\/div><\/div><\/div><\/div><div class=\"vce-row-container\" data-vce-boxed-width=\"true\"><div class=\"vce-row vce-row--col-gap-30 vce-row-equal-height vce-row-content--top\" id=\"el-e03ce18f\" data-vce-do-apply=\"all el-e03ce18f\"><div class=\"vce-row-content\" data-vce-element-content=\"true\"><div class=\"vce-col vce-col--md-auto vce-col--xs-1 vce-col--xs-last vce-col--xs-first vce-col--sm-last vce-col--sm-first vce-col--md-first vce-col--lg-first vce-col--xl-first\" id=\"el-d2b87bac\"><div class=\"vce-col-inner\" data-vce-do-apply=\"border margin background  el-d2b87bac\"><div class=\"vce-col-content\" data-vce-element-content=\"true\" data-vce-do-apply=\"padding el-d2b87bac\"><div class=\"vce-features vce-var-icon vce-features--style-filled-circle vce-features--size-small\" style=\"--iconAlignment: center; --iconColor: #fff; --iconColorHover: #fff; --shapeColor: rgb(255, 63, 59); --shapeColorHover: rgb(255, 63, 59); --linkColorHover: rgb(228,56,53);\"><div id=\"el-ab0e7713\" class=\"vce vce-features-icon-wrapper\" data-vce-do-apply=\"all el-ab0e7713\" data-vce-animate=\"vce-o-animate--fadeIn\"><a class=\"vce-features--icon vce-icon\" href=\"https:\/\/www.youtube.com\/playlist?list=PLDELX24sjKMt18lPbWE5UrRxe5x-ZOtCz\" title=\"\" target=\"_blank\" rel=\"noopener\"><svg xmlns=\"https:\/\/www.w3.org\/2000\/svg\" viewBox=\"0 0 769 769\"><path stroke-width=\"25\" d=\"M565.755 696.27h-360l-180-311.77 180-311.77h360l180 311.77z\"><\/path><\/svg><span class=\"vce-icon-container fab fa-youtube\"><\/span><\/a><\/div><\/div><\/div><\/div><\/div><div class=\"vce-col vce-col--md-auto vce-col--xs-1 vce-col--xs-last vce-col--xs-first vce-col--sm-last vce-col--sm-first\" id=\"el-fc84bb5d\"><div class=\"vce-col-inner\" data-vce-do-apply=\"border margin background  el-fc84bb5d\"><div class=\"vce-col-content\" data-vce-element-content=\"true\" data-vce-do-apply=\"padding el-fc84bb5d\"><div class=\"vce-features vce-var-icon vce-features--style-filled-circle vce-features--size-small\" style=\"--iconAlignment: center; --iconColor: #fff; --iconColorHover: #fff; --shapeColor: rgb(255, 192, 0); --shapeColorHover: rgb(255, 192, 0); --linkColorHover: rgb(228,172,0);\"><div id=\"el-0a383801\" class=\"vce vce-features-icon-wrapper\" data-vce-do-apply=\"all el-0a383801\" data-vce-animate=\"vce-o-animate--fadeIn\"><a class=\"vce-features--icon vce-icon\" href=\"mailto:palatinus.zsolt@psdp.hu\" title=\"Levelez\u00e9si c\u00edm\" target=\"_blank\" rel=\"noopener\"><svg xmlns=\"https:\/\/www.w3.org\/2000\/svg\" viewBox=\"0 0 769 769\"><path stroke-width=\"25\" d=\"M565.755 696.27h-360l-180-311.77 180-311.77h360l180 311.77z\"><\/path><\/svg><span class=\"vce-icon-container fas fa-mail-bulk\"><\/span><\/a><\/div><\/div><\/div><\/div><\/div><div class=\"vce-col vce-col--md-auto vce-col--xs-1 vce-col--xs-last vce-col--xs-first vce-col--sm-last vce-col--sm-first vce-col--md-last vce-col--lg-last vce-col--xl-last\" id=\"el-eefedb7b\"><div class=\"vce-col-inner\" data-vce-do-apply=\"border margin background  el-eefedb7b\"><div class=\"vce-col-content\" data-vce-element-content=\"true\" data-vce-do-apply=\"padding el-eefedb7b\"><div class=\"vce-single-image-container vce-single-image--align-center\"><div class=\"vce vce-single-image-wrapper\" id=\"el-484b8300\" data-vce-do-apply=\"all el-484b8300\"><figure><div class=\"vce-single-image-figure-inner\" style=\"width: 70px;\"><a href=\"https:\/\/www.facebook.com\/psdpdigitalpictures\" title=\"PSDP.hu fb oldala\" target=\"_blank\" class=\"vce-single-image-inner vce-single-image--absolute\" style=\"width: 100%; padding-bottom: 100%;\" rel=\"noopener\"><img loading=\"lazy\" decoding=\"async\" class=\"vce-single-image\"  width=\"70\" height=\"70\" srcset=\"https:\/\/psdp.hu\/wp-content\/uploads\/2024\/01\/fb-320x320.png 320w, https:\/\/psdp.hu\/wp-content\/uploads\/2024\/01\/fb-480x479.png 480w, https:\/\/psdp.hu\/wp-content\/uploads\/2024\/01\/fb-800x799.png 800w, https:\/\/psdp.hu\/wp-content\/uploads\/2024\/03\/fb-e1705146602640-70x70.png 70w\" src=\"https:\/\/psdp.hu\/wp-content\/uploads\/2024\/03\/fb-e1705146602640-70x70.png\" data-img-src=\"https:\/\/psdp.hu\/wp-content\/uploads\/2024\/01\/fb-e1705146602640.png\" data-attachment-id=\"298\"  alt=\"\" title=\"fb\" \/><\/a><\/div><figcaption hidden=\"\"><\/figcaption><\/figure><\/div><\/div><\/div><\/div><\/div><\/div><\/div><\/div><div class=\"vce-row-container\" data-vce-boxed-width=\"true\"><div class=\"vce-row vce-row--col-gap-30 vce-row-equal-height vce-row-content--top\" id=\"el-c5642554\" data-vce-do-apply=\"all el-c5642554\"><div class=\"vce-row-content\" data-vce-element-content=\"true\"><div class=\"vce-col vce-col--md-auto vce-col--xs-1 vce-col--xs-last vce-col--xs-first vce-col--sm-last vce-col--sm-first vce-col--md-last vce-col--lg-last vce-col--xl-last vce-col--md-first vce-col--lg-first vce-col--xl-first\" id=\"el-38466bff\"><div class=\"vce-col-inner\" data-vce-do-apply=\"border margin background  el-38466bff\"><div class=\"vce-col-content\" data-vce-element-content=\"true\" data-vce-do-apply=\"padding el-38466bff\"><div class=\"vce vce-separator-container vce-separator--align-center vce-separator--style-shadow\" id=\"el-faf5353d\" data-vce-do-apply=\"margin el-faf5353d\"><div class=\"vce-separator vce-separator--color-bfc0c1 vce-separator--width-99 vce-separator--thickness-1\" data-vce-do-apply=\"border padding background  el-faf5353d\"><div class=\"vce-separator-shadow vce-separator-shadow-left\"><\/div><div class=\"vce-separator-shadow vce-separator-shadow-right\"><\/div><\/div><\/div><\/div><\/div><\/div><\/div><\/div><\/div><div class=\"vce-row-container\" data-vce-boxed-width=\"true\"><div class=\"vce-row vce-row--col-gap-30 vce-row-equal-height vce-row-content--top\" id=\"el-cc56f389\" data-vce-do-apply=\"all el-cc56f389\"><div class=\"vce-row-content\" data-vce-element-content=\"true\"><div class=\"vce-col vce-col--md-auto vce-col--xs-1 vce-col--xs-last vce-col--xs-first vce-col--sm-last vce-col--sm-first vce-col--md-last vce-col--lg-last vce-col--xl-last vce-col--md-first vce-col--lg-first vce-col--xl-first\" id=\"el-aa5dc235\"><div class=\"vce-col-inner\" data-vce-do-apply=\"border margin background  el-aa5dc235\"><div class=\"vce-col-content\" data-vce-element-content=\"true\" data-vce-do-apply=\"padding el-aa5dc235\"><div class=\"vce-yt-video-player vce-yt-video-player--align-left vce-yt-video-player--size-1280x720\"><div class=\"vce vce-yt-video-player-wrapper\" id=\"el-21a06571\" data-vce-do-apply=\"all el-21a06571\" style=\"width: 1280px;\"><div class=\"vce-yt-video-player-inner\"><iframe loading=\"lazy\" class=\"vce-yt-video-player-iframe\" src=\"https:\/\/www.youtube.com\/embed\/zGT3RzLo0QM?autoplay=1&amp;mute=1&amp;color=red&amp;controls=1&amp;loop=1&amp;playlist=zGT3RzLo0QM&amp;rel=0&amp;start=0&amp;cc_load_policy=0&amp;iv_load_policy=3&amp;enablejsapi=1\" width=\"640\" height=\"390\" allowfullscreen=\"\" title=\"YouTube video\"><\/iframe><\/div><\/div><\/div><\/div><\/div><\/div><\/div><\/div><\/div>\n","protected":false},"excerpt":{"rendered":"<p>EL\u00c9RHET\u0150S\u00c9GEINK<\/p>\n","protected":false},"author":2,"featured_media":0,"parent":118,"menu_order":2,"comment_status":"closed","ping_status":"closed","template":"","meta":{"om_disable_all_campaigns":false,"_monsterinsights_skip_tracking":false,"_monsterinsights_sitenote_active":false,"_monsterinsights_sitenote_note":"","_monsterinsights_sitenote_category":0,"_uf_show_specific_survey":0,"_uf_disable_surveys":false,"footnotes":""},"class_list":["post-119","page","type-page","status-publish","hentry"],"aioseo_notices":[],"_links":{"self":[{"href":"https:\/\/psdp.hu\/index.php?rest_route=\/wp\/v2\/pages\/119","targetHints":{"allow":["GET"]}}],"collection":[{"href":"https:\/\/psdp.hu\/index.php?rest_route=\/wp\/v2\/pages"}],"about":[{"href":"https:\/\/psdp.hu\/index.php?rest_route=\/wp\/v2\/types\/page"}],"author":[{"embeddable":true,"href":"https:\/\/psdp.hu\/index.php?rest_route=\/wp\/v2\/users\/2"}],"replies":[{"embeddable":true,"href":"https:\/\/psdp.hu\/index.php?rest_route=%2Fwp%2Fv2%2Fcomments&post=119"}],"version-history":[{"count":18,"href":"https:\/\/psdp.hu\/index.php?rest_route=\/wp\/v2\/pages\/119\/revisions"}],"predecessor-version":[{"id":418,"href":"https:\/\/psdp.hu\/index.php?rest_route=\/wp\/v2\/pages\/119\/revisions\/418"}],"up":[{"embeddable":true,"href":"https:\/\/psdp.hu\/index.php?rest_route=\/wp\/v2\/pages\/118"}],"wp:attachment":[{"href":"https:\/\/psdp.hu\/index.php?rest_route=%2Fwp%2Fv2%2Fmedia&parent=119"}],"curies":[{"name":"wp","href":"https:\/\/api.w.org\/{rel}","templated":true}]}}